{"id":5369,"date":"2024-08-07T22:44:24","date_gmt":"2024-08-08T02:44:24","guid":{"rendered":"http:\/\/malevil.network\/malevil\/?page_id=5369"},"modified":"2024-08-11T15:32:56","modified_gmt":"2024-08-11T19:32:56","slug":"deviations-36-psychological-operations","status":"publish","type":"page","link":"https:\/\/malevil.network\/malevil\/deviations-36-psychological-operations\/","title":{"rendered":"D\u00e9viations #36 &#8211; Psychological Operations"},"content":{"rendered":"\n<details class=\"wp-block-details has-white-color has-black-background-color has-text-color has-background has-link-color wp-elements-7947ef8447f2d22b67fef60728839e61\"><summary><mark style=\"background-color:rgba(0, 0, 0, 0)\" class=\"has-inline-color has-light-green-cyan-color\">00:00<\/mark> Michel F C\u00f4t\u00e9 (CA) &#8211; <a class=\"fancybox-iframe is-layout-flow wp-block-details-is-layout-flow\" href=\"http:\/\/malevil.network\/radio-malevil\/album\/168127\/various-artists\/tete-a-tete-davant-fetes\/embed\" target=\"_self\" rel=\"noopener\">T\u00eate-\u00e0-t\u00eate d&rsquo;avant F\u00eates<\/a> (2023)<br><mark style=\"background-color:rgba(0, 0, 0, 0)\" class=\"has-inline-color has-light-green-cyan-color\">07:03<\/mark> TRAUMA KIT (US) &#8211; <a class=\"fancybox-iframe\" href=\"http:\/\/malevil.network\/radio-malevil\/album\/144148\/various-artists\/train-wrecks-take-time\/embed\" target=\"_blank\" rel=\"noopener\">PLATEAU<\/a> (2024)<br><mark style=\"background-color:rgba(0, 0, 0, 0)\" class=\"has-inline-color has-light-green-cyan-color\">11:09<\/mark> Polevaulter (US) &#8211; <a class=\"fancybox-iframe\" href=\"http:\/\/malevil.network\/radio-malevil\/album\/11650\/polevaulter\/hang-wave\/embed\" target=\"_self\" rel=\"noopener\">Mia Goth Made Me Do It<\/a> (2024)<br><mark style=\"background-color:rgba(0, 0, 0, 0)\" class=\"has-inline-color has-light-green-cyan-color\">14:56<\/mark> BAKTRIA (US) &#8211; <a class=\"fancybox-iframe\" href=\"http:\/\/malevil.network\/radio-malevil\/album\/168826\/various-artists\/aquamation\/embed\" target=\"_self\" rel=\"noopener\">Into the Other<\/a> (2022)<br><mark style=\"background-color:rgba(0, 0, 0, 0)\" class=\"has-inline-color has-light-green-cyan-color\">19:48<\/mark> Ouvr\u00e9 (FR) &#8211; <a class=\"fancybox-iframe\" href=\"http:\/\/malevil.network\/radio-malevil\/album\/171933\/various-artists\/magenta-cyan-white\/embed\" target=\"_blank\" rel=\"noopener\">Magenta<\/a> (2023)<br>24:51 The Tunnel (US) &#8211; Birds of Pray (2023)<br>28:45 John Hardin\/Tin Can Luminary (US) &#8211; Psychological Operations (2023)<br><\/summary>\n<p class=\"has-white-color has-black-background-color has-text-color has-background has-link-color wp-elements-76f77c7d76e9048f18a56a579dca5a47\">34:48 Klaxon Gueule (CA) &#8211; Continuum indiff\u00e9renci\u00e9 (2021)<\/p>\n\n\n\n<p class=\"has-white-color has-black-background-color has-text-color has-background has-link-color wp-elements-8b86a520000f9d008edef1a3ec994f68\">39:59 Purpur Spytt (CH) &#8211; Party Town (2024)<\/p>\n\n\n\n<p class=\"has-white-color has-black-background-color has-text-color has-background has-link-color wp-elements-3ddb8f64cad7f51c2d9d0f32b34f4e5d\">43:22 Or best offer (US) &#8211; deserved (2024)<\/p>\n\n\n\n<p class=\"has-white-color has-black-background-color has-text-color has-background has-link-color wp-elements-2db83f93b20ef96668567c445d30040f\">47:18 Marvin-s Revenge (UK) &#8211; Wealth (2023)<\/p>\n\n\n\n<p class=\"has-white-color has-black-background-color has-text-color has-background has-link-color wp-elements-4eb07ae9663188e886f12f0de2aa8512\">53:47 Soda Pop (FR) &#8211; Whatever Eva, Whatever (2024)<\/p>\n\n\n\n<p class=\"has-white-color has-black-background-color has-text-color has-background has-link-color wp-elements-af7ccd031b3f834e54cbcd6714304ac7\">55:18 SENTRIES (CA) &#8211; How Many Fools Can I Kill Today ? (2024)<\/p>\n\n\n\n<p class=\"has-white-color has-black-background-color has-text-color has-background has-link-color wp-elements-f92b937715b22bf58e2869679b0aeb60\">59:26 Berliner Doom (DE) &#8211; As Fuk as (2023)<\/p>\n<\/details>\n\n\n\n<p><\/p>\n","protected":false},"excerpt":{"rendered":"<p>00:00 Michel F C\u00f4t\u00e9 (CA) &#8211; T\u00eate-\u00e0-t\u00eate d&rsquo;avant F\u00eates (2023)07:03 TRAUMA KIT (US) &#8211; PLATEAU (2024)11:09 Polevaulter (US) &#8211; Mia Goth Made Me Do It (2024)14:56 BAKTRIA (US) &#8211; Into the Other (2022)19:48 Ouvr\u00e9 (FR) &#8211; Magenta (2023)24:51 The Tunnel (US) &#8211; Birds of Pray (2023)28:45 John Hardin\/Tin Can Luminary (US) &#8211; Psychological Operations (2023) [&hellip;]<\/p>\n","protected":false},"author":1,"featured_media":0,"parent":0,"menu_order":0,"comment_status":"closed","ping_status":"closed","template":"","meta":{"footnotes":""},"class_list":["post-5369","page","type-page","status-publish","hentry"],"_links":{"self":[{"href":"https:\/\/malevil.network\/malevil\/wp-json\/wp\/v2\/pages\/5369","targetHints":{"allow":["GET"]}}],"collection":[{"href":"https:\/\/malevil.network\/malevil\/wp-json\/wp\/v2\/pages"}],"about":[{"href":"https:\/\/malevil.network\/malevil\/wp-json\/wp\/v2\/types\/page"}],"author":[{"embeddable":true,"href":"https:\/\/malevil.network\/malevil\/wp-json\/wp\/v2\/users\/1"}],"replies":[{"embeddable":true,"href":"https:\/\/malevil.network\/malevil\/wp-json\/wp\/v2\/comments?post=5369"}],"version-history":[{"count":39,"href":"https:\/\/malevil.network\/malevil\/wp-json\/wp\/v2\/pages\/5369\/revisions"}],"predecessor-version":[{"id":5455,"href":"https:\/\/malevil.network\/malevil\/wp-json\/wp\/v2\/pages\/5369\/revisions\/5455"}],"wp:attachment":[{"href":"https:\/\/malevil.network\/malevil\/wp-json\/wp\/v2\/media?parent=5369"}],"curies":[{"name":"wp","href":"https:\/\/api.w.org\/{rel}","templated":true}]}}